{"id":1802,"date":"2020-07-18T11:50:14","date_gmt":"2020-07-18T09:50:14","guid":{"rendered":"https:\/\/camasperro.es\/product\/bettchen-fur-mittelgrose-und-kleine-hunde\/"},"modified":"2022-11-04T15:05:35","modified_gmt":"2022-11-04T13:05:35","slug":"bettchen-fur-mittelgrose-und-kleine-hunde","status":"publish","type":"product","link":"https:\/\/camasperro.es\/de\/produkt\/bettchen-fur-mittelgrose-und-kleine-hunde\/","title":{"rendered":"Bettchen f\u00fcr mittelgro\u00dfe und kleine Hunde"},"content":{"rendered":"<h2 style=\"text-align: left;\">Bettchen f\u00fcr mittelgro\u00dfe und kleine Hunde aus schmutzabweisendem Aquaclea-Stoff mit abziehbarem Bezug<\/h2>\n<p style=\"text-align: left;\"><a href=\"https:\/\/camasperro.es\/wp-content\/uploads\/2020\/07\/cama-para-perros-y-gatos.jpg\"><img fetchpriority=\"high\" decoding=\"async\" class=\" wp-image-816 alignleft\" src=\"https:\/\/camasperro.es\/wp-content\/uploads\/2020\/07\/cama-para-perros-y-gatos-300x287.jpg\" alt=\"cama para perros y gatos\" width=\"360\" height=\"344\" srcset=\"https:\/\/camasperro.es\/wp-content\/uploads\/2020\/07\/cama-para-perros-y-gatos-300x287.jpg 300w, https:\/\/camasperro.es\/wp-content\/uploads\/2020\/07\/cama-para-perros-y-gatos-1024x980.jpg 1024w, https:\/\/camasperro.es\/wp-content\/uploads\/2020\/07\/cama-para-perros-y-gatos-768x735.jpg 768w, https:\/\/camasperro.es\/wp-content\/uploads\/2020\/07\/cama-para-perros-y-gatos-937x897.jpg 937w, https:\/\/camasperro.es\/wp-content\/uploads\/2020\/07\/cama-para-perros-y-gatos.jpg 1080w\" sizes=\"(max-width: 360px) 100vw, 360px\" \/><\/a><\/p>\n<p>Manche Haustiere brauchen das Gef\u00fchl, eingekuschelt zu sein, um sich wohl zu f\u00fchlen. Dieses<strong> Bettchen f\u00fcr mittelgro\u00dfe und kleine Hunde<\/strong> ist die beste Option f\u00fcr Ihren Vierbeiner. Das ergonomische Design und die F\u00fcllung aus 100% Polyester sorgen daf\u00fcr, dass sich Ihr Hund wohlig ausruhen kann.<\/p>\n<p>Dieses Hundebett ist mit <strong>Aquaclean-Stoffen<\/strong> hergestellt. Diese Stoffe erm\u00f6glichen es Ihnen, Flecken m\u00fchelos mit Wasser und einem sauberen Tuch von ihrer Oberfl\u00e4che zu entfernen. Dar\u00fcber hinaus handelt es sich um speziell f\u00fcr Haustiere entwickelte Stoffe, die sehr kratzfest sind und bei denen sich die Haare problemlos mit einer B\u00fcrste von der Oberfl\u00e4che entfernen lassen, da sie nicht in den Stoff eindringen k\u00f6nnen. Mehr \u00fcber unsere Stoffe f\u00fcr Haustiere k\u00f6nnen Sie unter\u00a0<strong><a href=\"https:\/\/www.aquaclean.com\/es-es\/fabrics-for-pets\" target=\"_blank\" rel=\"noopener\">diesem Link<\/a><\/strong> lesen.<\/p>\n<p>Das Design unserer Hundebettchen ist so konzipiert, dass sich unsere vierbeinigen Freunde <strong>sicher und geborgen<\/strong> f\u00fchlen. Die H\u00f6he der Seiten ist perfekt, damit Ihr Hund seinen Kopf darauf abst\u00fctzen kann, und die F\u00fcllung aus 100% Polyester verformt sich im Laufe der Zeit nicht.<\/p>\n<p style=\"text-align: left;\"><a href=\"https:\/\/camasperro.es\/wp-content\/uploads\/2020\/07\/cama-perro-pequeno.jpg\"><img decoding=\"async\" class=\" wp-image-818 alignright\" src=\"https:\/\/camasperro.es\/wp-content\/uploads\/2020\/07\/cama-perro-pequeno-300x300.jpg\" alt=\"cama perro peque\u00f1o\" width=\"360\" height=\"360\" srcset=\"https:\/\/camasperro.es\/wp-content\/uploads\/2020\/07\/cama-perro-pequeno-300x300.jpg 300w, https:\/\/camasperro.es\/wp-content\/uploads\/2020\/07\/cama-perro-pequeno-1024x1024.jpg 1024w, https:\/\/camasperro.es\/wp-content\/uploads\/2020\/07\/cama-perro-pequeno-150x150.jpg 150w, https:\/\/camasperro.es\/wp-content\/uploads\/2020\/07\/cama-perro-pequeno-768x768.jpg 768w, https:\/\/camasperro.es\/wp-content\/uploads\/2020\/07\/cama-perro-pequeno-100x100.jpg 100w, https:\/\/camasperro.es\/wp-content\/uploads\/2020\/07\/cama-perro-pequeno-937x937.jpg 937w, https:\/\/camasperro.es\/wp-content\/uploads\/2020\/07\/cama-perro-pequeno.jpg 1080w\" sizes=\"(max-width: 360px) 100vw, 360px\" \/><\/a><\/p>\n<p>Das Bettchen f\u00fcr mittelgro\u00dfe Hunde von Decoland ist <strong>vollst\u00e4ndig abziehbar<\/strong>. Sie k\u00f6nnen sowohl das Kissen als auch die Polsterung an den Seiten schnell und einfach entfernen. Zudem enthalten unsere Stoffe die Safe Front-Behandlung von Aquaclean, die Ihr Haustier vor Bakterien und Milben sch\u00fctzt.<\/p>\n<p>Auf unserer Website finden Sie weitere Modelle von Betten f\u00fcr Ihren mittelgro\u00dfen oder kleinen Hund, wie z. B. unser\u00a0<strong><a href=\"https:\/\/camasperro.es\/producto\/sofa-viscoelastica-para-perro\/\">Hundesofa mit viskoelastischer Matratze<\/a><\/strong>.<\/p>\n<p>&nbsp;<\/p>\n","protected":false},"excerpt":{"rendered":"<p><strong>Bettchen f\u00fcr mittelgro\u00dfe und kleine Hunde<\/strong> mit schmutzabweisenden <strong>Aquaclean<\/strong>-Stoffen und <strong>Safe Front<\/strong>-Behandlung gegen Bakterien und Milben.<\/p>\n<p><strong>Vollst\u00e4ndig abziehbare<\/strong> Bez\u00fcge f\u00fcr eine einfache Pflege und ein ergonomisches Design, das Ihrem Hund ein angenehmes und ruhiges Gef\u00fchl f\u00fcr eine optimale Erholung vermittelt.<\/p>\n<p>Das <strong>ergonomische Design und die F\u00fcllung aus 100% hochwertigem Polyester<\/strong> garantieren den Komfort Ihres Hundes, damit er sich sicher und geborgen f\u00fchlt.<\/p>\n<p>&nbsp;<\/p>\n","protected":false},"featured_media":1435,"comment_status":"open","ping_status":"closed","template":"","meta":[],"product_brand":[],"product_cat":[],"product_tag":[148,149,152,153,165,164,147],"class_list":{"0":"post-1802","1":"product","2":"type-product","3":"status-publish","4":"has-post-thumbnail","6":"product_tag-hundebett","7":"product_tag-hundematratze","8":"product_tag-hundesofa","9":"product_tag-hundewiege","10":"product_tag-kleine-hundebetten","11":"product_tag-mittleres-hundebett","12":"product_tag-ruhe-fur-haustiere","14":"first","15":"instock","16":"sale","17":"taxable","18":"shipping-taxable","19":"purchasable","20":"product-type-variable","21":"has-default-attributes","22":"layout-style-1","23":"col-md-4 col-sm-4 col-xs-6","24":"col-lg-4","25":"product-has-gallery","26":"product-style-default"},"_links":{"self":[{"href":"https:\/\/camasperro.es\/de\/wp-json\/wp\/v2\/product\/1802","targetHints":{"allow":["GET"]}}],"collection":[{"href":"https:\/\/camasperro.es\/de\/wp-json\/wp\/v2\/product"}],"about":[{"href":"https:\/\/camasperro.es\/de\/wp-json\/wp\/v2\/types\/product"}],"replies":[{"embeddable":true,"href":"https:\/\/camasperro.es\/de\/wp-json\/wp\/v2\/comments?post=1802"}],"wp:featuredmedia":[{"embeddable":true,"href":"https:\/\/camasperro.es\/de\/wp-json\/wp\/v2\/media\/1435"}],"wp:attachment":[{"href":"https:\/\/camasperro.es\/de\/wp-json\/wp\/v2\/media?parent=1802"}],"wp:term":[{"taxonomy":"product_brand","embeddable":true,"href":"https:\/\/camasperro.es\/de\/wp-json\/wp\/v2\/product_brand?post=1802"},{"taxonomy":"product_cat","embeddable":true,"href":"https:\/\/camasperro.es\/de\/wp-json\/wp\/v2\/product_cat?post=1802"},{"taxonomy":"product_tag","embeddable":true,"href":"https:\/\/camasperro.es\/de\/wp-json\/wp\/v2\/product_tag?post=1802"}],"curies":[{"name":"wp","href":"https:\/\/api.w.org\/{rel}","templated":true}]}}