{"id":1776,"date":"2021-07-19T08:19:50","date_gmt":"2021-07-19T06:19:50","guid":{"rendered":"https:\/\/camasperro.es\/product\/hundesofa-mit-viskoelastik\/"},"modified":"2023-05-17T06:59:25","modified_gmt":"2023-05-17T04:59:25","slug":"hundesofa-mit-viskoelastik","status":"publish","type":"product","link":"https:\/\/camasperro.es\/de\/produkt\/hundesofa-mit-viskoelastik\/","title":{"rendered":"Hundesofa mit Viskoelastik"},"content":{"rendered":"<h2 style=\"text-align: left;\">Hundesofa mit Polyurethan-Kissen und einer Schicht aus viskoelastischem Eierkarton-Schaumstoff<\/h2>\n<p style=\"text-align: left;\"><a href=\"https:\/\/camasperro.es\/wp-content\/uploads\/2021\/07\/sofa-para-perros-con-viscoelastica.jpg\"><img fetchpriority=\"high\" decoding=\"async\" class=\" wp-image-825 alignleft\" src=\"https:\/\/camasperro.es\/wp-content\/uploads\/2021\/07\/sofa-para-perros-con-viscoelastica-300x300.jpg\" alt=\"sofa para perros con viscoel\u00e1stica\" width=\"359\" height=\"359\" srcset=\"https:\/\/camasperro.es\/wp-content\/uploads\/2021\/07\/sofa-para-perros-con-viscoelastica-300x300.jpg 300w, https:\/\/camasperro.es\/wp-content\/uploads\/2021\/07\/sofa-para-perros-con-viscoelastica-1024x1024.jpg 1024w, https:\/\/camasperro.es\/wp-content\/uploads\/2021\/07\/sofa-para-perros-con-viscoelastica-150x150.jpg 150w, https:\/\/camasperro.es\/wp-content\/uploads\/2021\/07\/sofa-para-perros-con-viscoelastica-768x768.jpg 768w, https:\/\/camasperro.es\/wp-content\/uploads\/2021\/07\/sofa-para-perros-con-viscoelastica-100x100.jpg 100w, https:\/\/camasperro.es\/wp-content\/uploads\/2021\/07\/sofa-para-perros-con-viscoelastica-937x937.jpg 937w, https:\/\/camasperro.es\/wp-content\/uploads\/2021\/07\/sofa-para-perros-con-viscoelastica.jpg 1080w\" sizes=\"(max-width: 359px) 100vw, 359px\" \/><\/a><\/p>\n<p>Dieses<strong> Hundesofa ist ideal f\u00fcr Ihre kleinen und mittelgro\u00dfen Freunde<\/strong>.<strong>\u00a0<\/strong>\u00a0Es besteht aus einem hochwertigen Polyurethan-Kissen mit einer <strong>viskoelastischen Schicht in Eierkarton-Struktur<\/strong>, die das Gewicht Ihres Haustieres besser auf die Fl\u00e4che verteilt. Auf diese Weise <strong>werden die Gelenke entlastet<\/strong>, so dass es die beste Wahl ist, wenn Ihr Hund \u00e4lter ist oder Probleme mit den Gelenken hat.<\/p>\n<p>Hergestellt aus Stoffen mit <strong>schmutzabweisender Aquaclean-Technologie,<\/strong> k\u00f6nnen Sie Flecken des t\u00e4glichen Gebrauchs m\u00fchelos mit einem sauberen Tuch und Wasser entfernen. Das Hundesofa enth\u00e4lt zudem eine <strong>Safe Front-Behandlung<\/strong>, welche die Vermehrung von Bakterien und Milben verhindert und so die Sicherheit Ihres Hundes gew\u00e4hrleistet. Unsere Stoffe werden speziell f\u00fcr die Verwendung mit Haustieren hergestellt. Mehr \u00fcber unsere Produkte erfahren Sie unter\u00a0<a href=\"https:\/\/www.aquaclean.com\/es-es\/fabrics-for-pets\" target=\"_blank\" rel=\"noopener\"><strong>diesem Link<\/strong><\/a>.<\/p>\n<p style=\"text-align: left;\"><a href=\"https:\/\/camasperro.es\/wp-content\/uploads\/2021\/07\/colchon-para-perros-grandes.png\"><img decoding=\"async\" class=\"size-medium wp-image-821 alignright\" src=\"https:\/\/camasperro.es\/wp-content\/uploads\/2021\/07\/colchon-para-perros-grandes-300x126.png\" alt=\"colch\u00f3n para perros mayores\" width=\"300\" height=\"126\" srcset=\"https:\/\/camasperro.es\/wp-content\/uploads\/2021\/07\/colchon-para-perros-grandes-300x126.png 300w, https:\/\/camasperro.es\/wp-content\/uploads\/2021\/07\/colchon-para-perros-grandes-1024x431.png 1024w, https:\/\/camasperro.es\/wp-content\/uploads\/2021\/07\/colchon-para-perros-grandes-768x324.png 768w, https:\/\/camasperro.es\/wp-content\/uploads\/2021\/07\/colchon-para-perros-grandes-937x395.png 937w, https:\/\/camasperro.es\/wp-content\/uploads\/2021\/07\/colchon-para-perros-grandes.png 1080w\" sizes=\"(max-width: 300px) 100vw, 300px\" \/><\/a><\/p>\n<p>Das Design unseres viskoelastischen Hundebettes ist <strong>absolut ergonomisch<\/strong>. Zus\u00e4tzlich zum Komfort des Kissens verf\u00fcgt es \u00fcber einen <strong>Seitenarm<\/strong>, der mit 100% hochwertiger Polyesterfaser gef\u00fcllt ist, so dass Ihr Hund seinen Kopf bequem darauf abst\u00fctzen und ausruhen kann.<\/p>\n<p>Sie k\u00f6nnen sowohl die Bez\u00fcge des Kissens als auch die des oberen Arms abziehen, so dass Sie den Stoff bei Bedarf in der Waschmaschine waschen k\u00f6nnen. Dar\u00fcber hinaus sind unsere Stoffe mit einer Beschichtung versehen, die verhindert, dass sich die Haare Ihres Haustieres zwischen den Fasern des Stoffes festsetzen, so dass sie m\u00fchelos mit einer B\u00fcrste entfernt werden k\u00f6nnen.<\/p>\n<p style=\"text-align: left;\"><a style=\"transition-property: all; outline: 0px;\" href=\"https:\/\/camasperro.es\/wp-content\/uploads\/2021\/07\/sofa-ergonomico-para-mascotas.jpg\"><img decoding=\"async\" class=\" wp-image-823 alignright\" src=\"https:\/\/camasperro.es\/wp-content\/uploads\/2021\/07\/sofa-ergonomico-para-mascotas-300x300.jpg\" alt=\"Sof\u00e1 c\u00f3modo para perro\" width=\"373\" height=\"373\" srcset=\"https:\/\/camasperro.es\/wp-content\/uploads\/2021\/07\/sofa-ergonomico-para-mascotas-300x300.jpg 300w, https:\/\/camasperro.es\/wp-content\/uploads\/2021\/07\/sofa-ergonomico-para-mascotas-1024x1024.jpg 1024w, https:\/\/camasperro.es\/wp-content\/uploads\/2021\/07\/sofa-ergonomico-para-mascotas-150x150.jpg 150w, https:\/\/camasperro.es\/wp-content\/uploads\/2021\/07\/sofa-ergonomico-para-mascotas-768x768.jpg 768w, https:\/\/camasperro.es\/wp-content\/uploads\/2021\/07\/sofa-ergonomico-para-mascotas-100x100.jpg 100w, https:\/\/camasperro.es\/wp-content\/uploads\/2021\/07\/sofa-ergonomico-para-mascotas-937x937.jpg 937w, https:\/\/camasperro.es\/wp-content\/uploads\/2021\/07\/sofa-ergonomico-para-mascotas.jpg 1080w\" sizes=\"(max-width: 373px) 100vw, 373px\" \/><\/a><\/p>\n<p>Auf unserer Website finden Sie weitere Betten f\u00fcr mittelgro\u00dfe Hunde, wie zum Beispiel unsere\u00a0<strong><a href=\"https:\/\/camasperro.de\/produkt\/faltbare-matte-fuer-hunde\/\" target=\"_blank\" rel=\"noopener\">faltbare Reisematte f\u00fcr Hunde<\/a><\/strong>\u00a0aller Gr\u00f6\u00dfen.<\/p>\n<p>&nbsp;<\/p>\n<p>&nbsp;<\/p>\n<p>&nbsp;<\/p>\n<p>&nbsp;<\/p>\n","protected":false},"excerpt":{"rendered":"<p><strong>Viskoelastisches Sofa f\u00fcr mittelgro\u00dfe und kleine Hunde<\/strong> mit einer hochwertigen Polyurethan-Matratze und einer <strong>Schicht aus Viskoelastik in Eierkarton-Struktur<\/strong>, die das Gewicht Ihres Haustiers aus die Fl\u00e4che verteilt und so die Gelenke entlastet.<\/p>\n<p>Stoffe mit der <strong>schmutzabweisenden Aquaclean-Technologie<\/strong>, die speziell f\u00fcr die Verwendung mit Haustieren entwickelt wurde.<\/p>\n<p><strong>Vollst\u00e4ndig abziehbare<\/strong> Bez\u00fcge f\u00fcr eine einfache Maschinenw\u00e4sche.<\/p>\n","protected":false},"featured_media":1463,"comment_status":"open","ping_status":"closed","template":"","meta":[],"product_brand":[],"product_cat":[],"product_tag":[155,148,149,152,147,158,157,156],"class_list":{"0":"post-1776","1":"product","2":"type-product","3":"status-publish","4":"has-post-thumbnail","6":"product_tag-faltbares-hundebett","7":"product_tag-hundebett","8":"product_tag-hundematratze","9":"product_tag-hundesofa","10":"product_tag-ruhe-fur-haustiere","11":"product_tag-senioren-hundebett","12":"product_tag-sofa-fur-altere-hunde","13":"product_tag-viskoelastisches-hundesofa","15":"first","16":"instock","17":"sale","18":"taxable","19":"shipping-taxable","20":"purchasable","21":"product-type-variable","22":"has-default-attributes","23":"layout-style-1","24":"col-md-4 col-sm-4 col-xs-6","25":"col-lg-4","26":"product-has-gallery","27":"product-style-default"},"_links":{"self":[{"href":"https:\/\/camasperro.es\/de\/wp-json\/wp\/v2\/product\/1776","targetHints":{"allow":["GET"]}}],"collection":[{"href":"https:\/\/camasperro.es\/de\/wp-json\/wp\/v2\/product"}],"about":[{"href":"https:\/\/camasperro.es\/de\/wp-json\/wp\/v2\/types\/product"}],"replies":[{"embeddable":true,"href":"https:\/\/camasperro.es\/de\/wp-json\/wp\/v2\/comments?post=1776"}],"wp:featuredmedia":[{"embeddable":true,"href":"https:\/\/camasperro.es\/de\/wp-json\/wp\/v2\/media\/1463"}],"wp:attachment":[{"href":"https:\/\/camasperro.es\/de\/wp-json\/wp\/v2\/media?parent=1776"}],"wp:term":[{"taxonomy":"product_brand","embeddable":true,"href":"https:\/\/camasperro.es\/de\/wp-json\/wp\/v2\/product_brand?post=1776"},{"taxonomy":"product_cat","embeddable":true,"href":"https:\/\/camasperro.es\/de\/wp-json\/wp\/v2\/product_cat?post=1776"},{"taxonomy":"product_tag","embeddable":true,"href":"https:\/\/camasperro.es\/de\/wp-json\/wp\/v2\/product_tag?post=1776"}],"curies":[{"name":"wp","href":"https:\/\/api.w.org\/{rel}","templated":true}]}}