{"id":1762,"date":"2021-07-19T10:49:27","date_gmt":"2021-07-19T08:49:27","guid":{"rendered":"https:\/\/camasperro.es\/product\/kissen-fur-grose-hunde\/"},"modified":"2022-11-04T15:02:01","modified_gmt":"2022-11-04T13:02:01","slug":"kissen-fur-grose-hunde","status":"publish","type":"product","link":"https:\/\/camasperro.es\/de\/produkt\/kissen-fur-grose-hunde\/","title":{"rendered":"Kissen f\u00fcr gro\u00dfe Hunde"},"content":{"rendered":"<h2 style=\"text-align: left;\">Kissen f\u00fcr gro\u00dfe Hunde mit schmutzabweisender Aquaclean-Technologie<\/h2>\n<p style=\"text-align: left;\"><a href=\"https:\/\/camasperro.es\/wp-content\/uploads\/2021\/07\/cama-perro-gande-2.jpg\"><img fetchpriority=\"high\" decoding=\"async\" class=\" wp-image-787 alignleft\" src=\"https:\/\/camasperro.es\/wp-content\/uploads\/2021\/07\/cama-perro-gande-2-300x300.jpg\" alt=\"cama para perro grande\" width=\"349\" height=\"349\" srcset=\"https:\/\/camasperro.es\/wp-content\/uploads\/2021\/07\/cama-perro-gande-2-300x300.jpg 300w, https:\/\/camasperro.es\/wp-content\/uploads\/2021\/07\/cama-perro-gande-2-1024x1024.jpg 1024w, https:\/\/camasperro.es\/wp-content\/uploads\/2021\/07\/cama-perro-gande-2-150x150.jpg 150w, https:\/\/camasperro.es\/wp-content\/uploads\/2021\/07\/cama-perro-gande-2-768x768.jpg 768w, https:\/\/camasperro.es\/wp-content\/uploads\/2021\/07\/cama-perro-gande-2-100x100.jpg 100w, https:\/\/camasperro.es\/wp-content\/uploads\/2021\/07\/cama-perro-gande-2-937x937.jpg 937w, https:\/\/camasperro.es\/wp-content\/uploads\/2021\/07\/cama-perro-gande-2.jpg 1080w\" sizes=\"(max-width: 349px) 100vw, 349px\" \/><\/a><\/p>\n<p>Das Kissen f\u00fcr gro\u00dfe Hunde von Decoland ist aus schmutzabweisenden Aquaclean-Stoffen gefertigt. Sie k\u00f6nnen die Flecken, die durch den t\u00e4glichen Gebrauch Ihres Haustieres entstanden sind, ganz einfach mit einem Tuch und Wasser entfernen. Diese Stoffe wurden speziell f\u00fcr Haustiere entwickelt und sind<strong> \u00e4u\u00dferst widerstandsf\u00e4hig gegen Kratzer und Absch\u00fcrfungen<\/strong>. Au\u00dferdem k\u00f6nnen Sie die Haare Ihres Haustieres leicht entfernen, da diese Stoffe verhindern, dass Haare zwischen ihre Fasern gelangen, sodass sie problemlos mit einer B\u00fcrste oder einer Kleberolle entfernt werden k\u00f6nnen.<\/p>\n<p>Um den gr\u00f6\u00dftm\u00f6glichen Komfort f\u00fcr Ihren Hund zu gew\u00e4hrleisten, verf\u00fcgt dieses <strong>Bett f\u00fcr gro\u00dfe Hunde<\/strong> \u00fcber eine Polyurethan-F\u00fcllung in genau der richtigen Menge. Mit dieser Art von F\u00fcllung erhalten wir ein leichtes und einfach zu transportierendes Produkt und sorgen gleichzeitig daf\u00fcr, dass es sich im Laufe der Zeit nicht durch das Gewicht Ihres Haustiers verformt.<\/p>\n<p>Das Design unseres Kissens hat f\u00fcr den einfachen Transport einen Griff an der Vorderseite. Nehmen Sie Ihren Hund mit in jede Ecke Ihres Hauses, neben das Sofa, w\u00e4hrend Sie einen Film sehen, oder auf Ihre Terrasse, w\u00e4hrend Sie ein Buch lesen. Es hat einen rutschfesten Boden, um m\u00f6gliche Unf\u00e4lle zu vermeiden.<\/p>\n<p>Wenn Sie mehrere kleine oder mittelgro\u00dfe Hunde haben, ist dieses Kissen die beste Wahl f\u00fcr Sie. Ihre Hunde werden sich wohlf\u00fchlen, wenn sie zusammen auf einem speziell f\u00fcr sie entworfenen Kissen schlafen oder sich ausruhen.<\/p>\n<p>Obwohl unsere Stoffe mit der schmutzabweisenden Aquaclean-Technologie ausgestattet sind, ist das Kissen f\u00fcr gro\u00dfe Hunde von Decoland vollst\u00e4ndig abnehmbar, so dass Sie es bei Bedarf in der Maschine waschen k\u00f6nnen. Unter <a href=\"https:\/\/www.aquaclean.com\/es-es\/fabrics-for-pets\" target=\"_blank\" rel=\"noopener\">diesem Link<\/a>\u00a0k\u00f6nnen Sie mehr \u00fcber unsere Stoffe lesen, die speziell f\u00fcr die Verwendung mit Haustieren entwickelt wurden und die Ihnen das Leben erleichtern werden.<\/p>\n<p>&nbsp;<\/p>\n","protected":false},"excerpt":{"rendered":"<p>Kissen f\u00fcr gro\u00dfe Hunde mit <strong>schmutzabweisendem Aquaclean-Stoff.<\/strong><\/p>\n<p>Mit einer F\u00fcllung aus <strong>100% <\/strong>hochwertigem zerkleinertem <strong>Polyurethan <\/strong>und vollst\u00e4ndig abnehmbaren Bez\u00fcgen f\u00fcr eine einfache Reinigung. <strong>Safe Front-Behandlung <\/strong>gegen Bakterien und Milben.<\/p>\n<p>Speziell f\u00fcr Haustiere entwickelte Stoffe. Mit<strong> Tragegriff f\u00fcr einen einfachen Transport<\/strong>.<\/p>\n<p>Ebenfalls erh\u00e4ltlich ist unsere\u00a0<a href=\"https:\/\/camasperro.de\/produkt\/faltbare-matte-fuer-hunde\/\"><strong>faltbare Matte f\u00fcr gro\u00dfe Hunde<\/strong><\/a>, sehr n\u00fctzlich f\u00fcr Reisen, zum Schutz Ihres Autos oder Ihres Sofas.<\/p>\n","protected":false},"featured_media":1479,"comment_status":"open","ping_status":"closed","template":"","meta":[],"product_brand":[],"product_cat":[],"product_tag":[154,148,149,150,152,153,147,151],"class_list":{"0":"post-1762","1":"product","2":"type-product","3":"status-publish","4":"has-post-thumbnail","6":"product_tag-grose-hundematratze","7":"product_tag-hundebett","8":"product_tag-hundematratze","9":"product_tag-hundematte","10":"product_tag-hundesofa","11":"product_tag-hundewiege","12":"product_tag-ruhe-fur-haustiere","13":"product_tag-tragbares-hundebett","15":"first","16":"instock","17":"sale","18":"taxable","19":"shipping-taxable","20":"purchasable","21":"product-type-variable","22":"has-default-attributes","23":"layout-style-1","24":"col-md-4 col-sm-4 col-xs-6","25":"col-lg-4","26":"product-has-gallery","27":"product-style-default"},"_links":{"self":[{"href":"https:\/\/camasperro.es\/de\/wp-json\/wp\/v2\/product\/1762","targetHints":{"allow":["GET"]}}],"collection":[{"href":"https:\/\/camasperro.es\/de\/wp-json\/wp\/v2\/product"}],"about":[{"href":"https:\/\/camasperro.es\/de\/wp-json\/wp\/v2\/types\/product"}],"replies":[{"embeddable":true,"href":"https:\/\/camasperro.es\/de\/wp-json\/wp\/v2\/comments?post=1762"}],"wp:featuredmedia":[{"embeddable":true,"href":"https:\/\/camasperro.es\/de\/wp-json\/wp\/v2\/media\/1479"}],"wp:attachment":[{"href":"https:\/\/camasperro.es\/de\/wp-json\/wp\/v2\/media?parent=1762"}],"wp:term":[{"taxonomy":"product_brand","embeddable":true,"href":"https:\/\/camasperro.es\/de\/wp-json\/wp\/v2\/product_brand?post=1762"},{"taxonomy":"product_cat","embeddable":true,"href":"https:\/\/camasperro.es\/de\/wp-json\/wp\/v2\/product_cat?post=1762"},{"taxonomy":"product_tag","embeddable":true,"href":"https:\/\/camasperro.es\/de\/wp-json\/wp\/v2\/product_tag?post=1762"}],"curies":[{"name":"wp","href":"https:\/\/api.w.org\/{rel}","templated":true}]}}